{"id":3430,"date":"2025-08-04T11:46:13","date_gmt":"2025-08-04T17:46:13","guid":{"rendered":"https:\/\/indefos.gob.mx\/portal\/?page_id=3430"},"modified":"2026-01-19T12:13:42","modified_gmt":"2026-01-19T18:13:42","slug":"pae-2025","status":"publish","type":"page","link":"https:\/\/indefos.gob.mx\/portal\/pae-2025\/","title":{"rendered":"PAE 2025"},"content":{"rendered":"<h4><span style=\"color: #000000;\"><em>Pp 013 Planeaci\u00f3n Estrat\u00e9gica e Innovaci\u00f3n Gubernamental<\/em><\/span><\/h4>\n<ul>\n<li><span style=\"color: #000000;\"><a style=\"color: #000000;\" href=\"https:\/\/indefos.gob.mx\/portal\/Transparencia\/CoordinacionPlanecaion\/PAE\/PAE%202025\/Evaluaci%C3%B3n%20Pp%20013\/1.%20Informe%20Final.pdf\" target=\"_blank\" rel=\"noopener\">Informe final.<\/a><\/span><\/li>\n<li><span style=\"color: #000000;\"><a style=\"color: #000000;\" href=\"https:\/\/indefos.gob.mx\/portal\/Transparencia\/CoordinacionPlanecaion\/PAE\/PAE%202025\/Evaluaci%C3%B3n%20Pp%20013\/2.%20TdR.pdf\" target=\"_blank\" rel=\"noopener\">T\u00e9rminos de Referencia (TdR).<\/a><\/span><\/li>\n<li><span style=\"color: #000000;\"><a style=\"color: #000000;\" href=\"https:\/\/indefos.gob.mx\/portal\/Transparencia\/CoordinacionPlanecaion\/PAE\/PAE%202025\/Evaluaci%C3%B3n%20Pp%20013\/3.%20Anexo%201%20Formato%20de%20Difusi%C3%B3n.pdf\" target=\"_blank\" rel=\"noopener\">Anexo 1<\/a><\/span><\/li>\n<li><span style=\"color: #000000;\"><a style=\"color: #000000;\" href=\"https:\/\/indefos.gob.mx\/portal\/Transparencia\/CoordinacionPlanecaion\/PAE\/PAE%202025\/Evaluaci%C3%B3n%20Pp%20013\/4.%20Ficha%20T%C3%A9cnica%20del%20Evaluador.pdf\" target=\"_blank\" rel=\"noopener\">Ficha T\u00e9cnica del Evaluador.<\/a><\/span><\/li>\n<li><span style=\"color: #000000;\"><a style=\"color: #000000;\" href=\"https:\/\/indefos.gob.mx\/portal\/Transparencia\/CoordinacionPlanecaion\/PAE\/PAE%202025\/Evaluaci%C3%B3n%20Pp%20013\/5.%20Propuesta%20de%20Trabajo.pdf\" target=\"_blank\" rel=\"noopener\">Propuesta de trabajo.<\/a><\/span><\/li>\n<li><span style=\"color: #000000;\"><a style=\"color: #000000;\" href=\"https:\/\/indefos.gob.mx\/portal\/Transparencia\/CoordinacionPlanecaion\/PAE\/PAE%202025\/Evaluaci%C3%B3n%20Pp%20013\/6.%20Resumen%20Ejecutivo.pdf\" target=\"_blank\" rel=\"noopener\">Resumen Ejecutivo.<\/a><\/span><\/li>\n<li><span style=\"color: #000000;\"><a style=\"color: #000000;\" href=\"https:\/\/indefos.gob.mx\/portal\/Transparencia\/CoordinacionPlanecaion\/PAE\/PAE%202025\/Evaluaci%C3%B3n%20Pp%20013\/7.%20Constancia%20de%20Situaci%C3%B3n%20Fiscal.pdf\" target=\"_blank\" rel=\"noopener\">Constancia de Situaci\u00f3n Fiscal.<\/a><\/span><\/li>\n<li><span style=\"color: #000000;\"><a style=\"color: #000000;\" href=\"https:\/\/indefos.gob.mx\/portal\/Transparencia\/CoordinacionPlanecaion\/PAE\/PAE%202025\/Evaluaci%C3%B3n%20Pp%20013\/8.%20Contrato%20de%20Prestaci%C3%B3n%20de%20Servicios.pdf\" target=\"_blank\" rel=\"noopener\">Contrato de Prestaci\u00f3n de Servicios.<\/a><\/span><\/li>\n<li><span style=\"color: #000000;\"><a style=\"color: #000000;\" href=\"https:\/\/indefos.gob.mx\/portal\/Transparencia\/CoordinacionPlanecaion\/PAE\/PAE%202025\/Evaluaci%C3%B3n%20Pp%20013\/9.%20Curr%C3%ADculum%20del%20Evaluador.pdf\" target=\"_blank\" rel=\"noopener\">Curr\u00edculum del Evaluador.<\/a><\/span><\/li>\n<li><span style=\"color: #000000;\"><a style=\"color: #000000;\" href=\"https:\/\/indefos.gob.mx\/portal\/Transparencia\/CoordinacionPlanecaion\/PAE\/PAE%202025\/Evaluaci%C3%B3n%20Pp%20013\/10.%20Documentaci%C3%B3n%20que%20acredite%20la%20experiencia%20del%20Evaluador.pdf\" target=\"_blank\" rel=\"noopener\">Documentaci\u00f3n que acredite la experiencia del evaluador.<\/a><\/span><\/li>\n<li><span style=\"color: #000000;\"><a style=\"color: #000000;\" href=\"https:\/\/indefos.gob.mx\/portal\/Transparencia\/CoordinacionPlanecaion\/PAE\/PAE%202025\/Evaluaci%C3%B3n%20Pp%20013\/11.%20Documento%20de%20Manifestaci%C3%B3n%20por%20escrito%20de%20que%20el%20Evaluador%20tiene%20experiencia.pdf\" target=\"_blank\" rel=\"noopener\">Documento de Manifestaci\u00f3n por escrito de que el evaluador tiene experiencia.<\/a><\/span><\/li>\n<li><span style=\"color: #000000;\"><a style=\"color: #000000;\" href=\"https:\/\/indefos.gob.mx\/portal\/Transparencia\/CoordinacionPlanecaion\/PAE\/PAE%202025\/Evaluaci%C3%B3n%20Pp%20013\/12.%20ANEXO%20A.pdf\" target=\"_blank\" rel=\"noopener\">Anexo A<\/a><\/span><\/li>\n<li><span style=\"color: #000000;\"><a style=\"color: #000000;\" href=\"https:\/\/indefos.gob.mx\/portal\/Transparencia\/CoordinacionPlanecaion\/PAE\/PAE%202025\/CIPE%20Pp%20013%20INDEFOS.pdf\" target=\"_blank\" rel=\"noopener\">C\u00e9dula de Identificaci\u00f3n de Programas a Evaluar (CIPE) Evaluaci\u00f3n de Indicadores.<\/a><\/span><\/li>\n<\/ul>\n<h4><span style=\"color: #000000;\"><em>Pp 138 Fortalecimiento de Capacidades en Materia de Desarrollo Social y Humano<\/em><\/span><\/h4>\n<ul>\n<li><span style=\"color: #000000;\"><a style=\"color: #000000;\" href=\"https:\/\/indefos.gob.mx\/portal\/Transparencia\/CoordinacionPlanecaion\/PAE\/PAE%202025\/21Bis%20-%20Pp%20138\/1InformeFinal.pdf\" target=\"_blank\" rel=\"noopener\">Informe final.<\/a><\/span><\/li>\n<li><span style=\"color: #000000;\"><a style=\"color: #000000;\" href=\"https:\/\/indefos.gob.mx\/portal\/Transparencia\/CoordinacionPlanecaion\/PAE\/PAE%202025\/21Bis%20-%20Pp%20138\/2TerminosdeReferencia.pdf\" target=\"_blank\" rel=\"noopener\">T\u00e9rminos de Referencia (TdR).<\/a><\/span><\/li>\n<li><span style=\"color: #000000;\"><a style=\"color: #000000;\" href=\"https:\/\/indefos.gob.mx\/portal\/Transparencia\/CoordinacionPlanecaion\/PAE\/PAE%202025\/21Bis%20-%20Pp%20138\/3Anexo1.pdf\" target=\"_blank\" rel=\"noopener\">Anexo 1<\/a><\/span><\/li>\n<li><span style=\"color: #000000;\"><a style=\"color: #000000;\" href=\"https:\/\/indefos.gob.mx\/portal\/Transparencia\/CoordinacionPlanecaion\/PAE\/PAE%202025\/21Bis%20-%20Pp%20138\/4FichaTecnicadelEvaluador.pdf\" target=\"_blank\" rel=\"noopener\">Ficha T\u00e9cnica del Evaluador.<\/a><\/span><\/li>\n<li><span style=\"color: #000000;\"><a style=\"color: #000000;\" href=\"https:\/\/indefos.gob.mx\/portal\/Transparencia\/CoordinacionPlanecaion\/PAE\/PAE%202025\/21Bis%20-%20Pp%20138\/5PropuestadeTrabajo.pdf\" target=\"_blank\" rel=\"noopener\">Propuesta de trabajo.<\/a><\/span><\/li>\n<li><span style=\"color: #000000;\"><a style=\"color: #000000;\" href=\"https:\/\/indefos.gob.mx\/portal\/Transparencia\/CoordinacionPlanecaion\/PAE\/PAE%202025\/21Bis%20-%20Pp%20138\/6ResumenEjecutivo.pdf\" target=\"_blank\" rel=\"noopener\">Resumen Ejecutivo.<\/a><\/span><\/li>\n<li><span style=\"color: #000000;\"><a style=\"color: #000000;\" href=\"https:\/\/indefos.gob.mx\/portal\/Transparencia\/CoordinacionPlanecaion\/PAE\/PAE%202025\/21Bis%20-%20Pp%20138\/8ConstanciaSituacionFiscal.pdf\" target=\"_blank\" rel=\"noopener\">Constancia de Situaci\u00f3n Fiscal.<\/a><\/span><\/li>\n<li><span style=\"color: #000000;\"><a style=\"color: #000000;\" href=\"https:\/\/indefos.gob.mx\/portal\/Transparencia\/CoordinacionPlanecaion\/PAE\/PAE%202025\/21Bis%20-%20Pp%20138\/9ContratoEvaluador.pdf\" target=\"_blank\" rel=\"noopener\">Contrato de Prestaci\u00f3n de Servicios.<\/a><\/span><\/li>\n<li><span style=\"color: #000000;\"><a style=\"color: #000000;\" href=\"https:\/\/indefos.gob.mx\/portal\/Transparencia\/CoordinacionPlanecaion\/PAE\/PAE%202025\/21Bis%20-%20Pp%20138\/10CurriculumEvaluador.pdf\" target=\"_blank\" rel=\"noopener\">Curr\u00edculum del Evaluador.<\/a><\/span><\/li>\n<li><span style=\"color: #000000;\"><a style=\"color: #000000;\" href=\"https:\/\/indefos.gob.mx\/portal\/Transparencia\/CoordinacionPlanecaion\/PAE\/PAE%202025\/21Bis%20-%20Pp%20138\/11DocumentacionExperienciadelEvaluador.pdf\" target=\"_blank\" rel=\"noopener\">Documentaci\u00f3n que acredite la experiencia del evaluador.<\/a><\/span><\/li>\n<li><span style=\"color: #000000;\"><a style=\"color: #000000;\" href=\"https:\/\/indefos.gob.mx\/portal\/Transparencia\/CoordinacionPlanecaion\/PAE\/PAE%202025\/21Bis%20-%20Pp%20138\/12DocumentacionManifestaci%C3%B3nporEscrito.pdf\" target=\"_blank\" rel=\"noopener\">Documento de Manifestaci\u00f3n por escrito de que el evaluador tiene experiencia.<\/a><\/span><\/li>\n<li><span style=\"color: #000000;\"><a style=\"color: #000000;\" href=\"https:\/\/indefos.gob.mx\/portal\/Transparencia\/CoordinacionPlanecaion\/PAE\/PAE%202025\/21Bis%20-%20Pp%20138\/AnexoA.pdf\" target=\"_blank\" rel=\"noopener\">Anexo A<\/a><\/span><\/li>\n<li><span style=\"color: #000000;\"><a style=\"color: #000000;\" href=\"https:\/\/indefos.gob.mx\/portal\/Transparencia\/CoordinacionPlanecaion\/PAE\/PAE%202025\/CIPE%20Pp%20138%20Diagn%C3%B3stico.pdf\" target=\"_blank\" rel=\"noopener\">C\u00e9dula de Identificaci\u00f3n de Programas a Evaluar (CIPE) Evaluaci\u00f3n Diagn\u00f3stico de Programa Nuevo<\/a><\/span><\/li>\n<li><span style=\"color: #000000;\"><a style=\"color: #000000;\" href=\"https:\/\/indefos.gob.mx\/portal\/Transparencia\/CoordinacionPlanecaion\/PAE\/PAE%202025\/CIPE%20Pp%20138%20Dise%C3%B1o.pdf\" target=\"_blank\" rel=\"noopener\">C\u00e9dula de Identificaci\u00f3n de Programas a Evaluar (CIPE) Evaluaci\u00f3n de Dise\u00f1o<\/a><\/span><\/li>\n<li><span style=\"color: #000000;\"><a style=\"color: #000000;\" href=\"https:\/\/indefos.gob.mx\/portal\/Transparencia\/CoordinacionPlanecaion\/PAE\/PAE%202025\/Diagn%C3%B3stico%20Pp%20138%20INDEFOS%20Final.pdf\" target=\"_blank\" rel=\"noopener\">Evaluaci\u00f3n Diagn\u00f3stico de Programa Nuevo<\/a><\/span><\/li>\n<\/ul>\n\n\n<p class=\"wp-block-paragraph\"><\/p>\n","protected":false},"excerpt":{"rendered":"<p>Pp 013 Planeaci\u00f3n Estrat\u00e9gica e Innovaci\u00f3n Gubernamental Informe final. T\u00e9rminos de Referencia (TdR). Anexo 1 Ficha T\u00e9cnica del Evaluador. Propuesta de trabajo. Resumen Ejecutivo. Constancia de Situaci\u00f3n Fiscal. Contrato de Prestaci\u00f3n de Servicios. Curr\u00edculum del Evaluador. Documentaci\u00f3n que acredite la experiencia del evaluador. Documento de Manifestaci\u00f3n por escrito de que el evaluador tiene experiencia. Anexo&hellip; <br \/> <a class=\"read-more\" href=\"https:\/\/indefos.gob.mx\/portal\/pae-2025\/\">Leer m\u00e1s<\/a><\/p>\n","protected":false},"author":2,"featured_media":0,"parent":0,"menu_order":0,"comment_status":"closed","ping_status":"closed","template":"","meta":{"_crdt_document":"","footnotes":""},"class_list":["post-3430","page","type-page","status-publish","hentry"],"rttpg_featured_image_url":null,"rttpg_author":{"display_name":"Instituto de Desarrollo y Formaci\u00f3n Social","author_link":"https:\/\/indefos.gob.mx\/portal\/author\/indefos\/"},"rttpg_comment":0,"rttpg_category":null,"rttpg_excerpt":"Pp 013 Planeaci\u00f3n Estrat\u00e9gica e Innovaci\u00f3n Gubernamental Informe final. T\u00e9rminos de Referencia (TdR). Anexo 1 Ficha T\u00e9cnica del Evaluador. Propuesta de trabajo. Resumen Ejecutivo. Constancia de Situaci\u00f3n Fiscal. Contrato de Prestaci\u00f3n de Servicios. Curr\u00edculum del Evaluador. Documentaci\u00f3n que acredite la experiencia del evaluador. Documento de Manifestaci\u00f3n por escrito de que el evaluador tiene experiencia. Anexo&hellip;&hellip;","_links":{"self":[{"href":"https:\/\/indefos.gob.mx\/portal\/wp-json\/wp\/v2\/pages\/3430","targetHints":{"allow":["GET"]}}],"collection":[{"href":"https:\/\/indefos.gob.mx\/portal\/wp-json\/wp\/v2\/pages"}],"about":[{"href":"https:\/\/indefos.gob.mx\/portal\/wp-json\/wp\/v2\/types\/page"}],"author":[{"embeddable":true,"href":"https:\/\/indefos.gob.mx\/portal\/wp-json\/wp\/v2\/users\/2"}],"replies":[{"embeddable":true,"href":"https:\/\/indefos.gob.mx\/portal\/wp-json\/wp\/v2\/comments?post=3430"}],"version-history":[{"count":5,"href":"https:\/\/indefos.gob.mx\/portal\/wp-json\/wp\/v2\/pages\/3430\/revisions"}],"predecessor-version":[{"id":3754,"href":"https:\/\/indefos.gob.mx\/portal\/wp-json\/wp\/v2\/pages\/3430\/revisions\/3754"}],"wp:attachment":[{"href":"https:\/\/indefos.gob.mx\/portal\/wp-json\/wp\/v2\/media?parent=3430"}],"curies":[{"name":"wp","href":"https:\/\/api.w.org\/{rel}","templated":true}]}}