{"id":327,"date":"2017-03-22T21:06:40","date_gmt":"2017-03-22T21:06:40","guid":{"rendered":"http:\/\/indefos.gob.mx\/portal\/?page_id=327"},"modified":"2023-02-24T10:00:13","modified_gmt":"2023-02-24T16:00:13","slug":"fraccion-xxvi","status":"publish","type":"page","link":"https:\/\/indefos.gob.mx\/portal\/fraccion-xxvi\/","title":{"rendered":"Fracci\u00f3n XXVI"},"content":{"rendered":"<h1 style=\"text-align: justify;\"><strong>XXVI. Los montos, criterios, convocatorias y listado de personas f\u00edsicas o morales a quienes, por cualquier motivo, se les asigne o permita usar recursos p\u00fablicos o, en los t\u00e9rminos de las disposiciones aplicables, realicen actos de autoridad. Asimismo, los informes que dichas personas les entreguen sobre el uso y destino de dichos recursos.<\/strong><\/h1>\n<p>&nbsp;<\/p>\n<h3 style=\"text-align: justify;\"><em>Toda vez que no es parte del objeto ni de las atribuciones jur\u00eddico-administrativas del Instituto de Desarrollo y Formaci\u00f3n Social establecidas en su acuerdo de creaci\u00f3n y el acuerdo que modifica al acuerdo de creaci\u00f3n. Adem\u00e1s conforme a lo establecido en las fracciones XXI y XXV de la Ley Org\u00e1nica de la Administraci\u00f3n P\u00fablica del Estado de Campeche corresponde a la Secretar\u00eda de Finanzas dicha atribuci\u00f3n.<\/em><\/h3>\n<p>&nbsp;<\/p>\n<h3><\/h3>\n<p><img loading=\"lazy\" decoding=\"async\" class=\" wp-image-297 aligncenter\" src=\"http:\/\/indefos.gob.mx\/portal\/wp-content\/uploads\/2017\/03\/error-300x300.png\" alt=\"\" width=\"125\" height=\"125\" srcset=\"https:\/\/indefos.gob.mx\/portal\/wp-content\/uploads\/2017\/03\/error-300x300.png 300w, https:\/\/indefos.gob.mx\/portal\/wp-content\/uploads\/2017\/03\/error-150x150.png 150w, https:\/\/indefos.gob.mx\/portal\/wp-content\/uploads\/2017\/03\/error-440x435.png 440w, https:\/\/indefos.gob.mx\/portal\/wp-content\/uploads\/2017\/03\/error.png 512w\" sizes=\"auto, (max-width: 125px) 100vw, 125px\" \/><\/p>\n<h2 style=\"text-align: center;\">No Aplica<\/h2>\n","protected":false},"excerpt":{"rendered":"<p>XXVI. Los montos, criterios, convocatorias y listado de personas f\u00edsicas o morales a quienes, por cualquier motivo, se les asigne o permita usar recursos p\u00fablicos o, en los t\u00e9rminos de las disposiciones aplicables, realicen actos de autoridad. Asimismo, los informes que dichas personas les entreguen sobre el uso y destino de dichos recursos. &nbsp; Toda&hellip; <br \/> <a class=\"read-more\" href=\"https:\/\/indefos.gob.mx\/portal\/fraccion-xxvi\/\">Leer m\u00e1s<\/a><\/p>\n","protected":false},"author":2,"featured_media":0,"parent":0,"menu_order":0,"comment_status":"closed","ping_status":"closed","template":"","meta":{"_crdt_document":"","footnotes":""},"class_list":["post-327","page","type-page","status-publish","hentry"],"rttpg_featured_image_url":null,"rttpg_author":{"display_name":"Instituto de Desarrollo y Formaci\u00f3n Social","author_link":"https:\/\/indefos.gob.mx\/portal\/author\/indefos\/"},"rttpg_comment":0,"rttpg_category":null,"rttpg_excerpt":"XXVI. Los montos, criterios, convocatorias y listado de personas f\u00edsicas o morales a quienes, por cualquier motivo, se les asigne o permita usar recursos p\u00fablicos o, en los t\u00e9rminos de las disposiciones aplicables, realicen actos de autoridad. Asimismo, los informes que dichas personas les entreguen sobre el uso y destino de dichos recursos. &nbsp; Toda&hellip;&hellip;","_links":{"self":[{"href":"https:\/\/indefos.gob.mx\/portal\/wp-json\/wp\/v2\/pages\/327","targetHints":{"allow":["GET"]}}],"collection":[{"href":"https:\/\/indefos.gob.mx\/portal\/wp-json\/wp\/v2\/pages"}],"about":[{"href":"https:\/\/indefos.gob.mx\/portal\/wp-json\/wp\/v2\/types\/page"}],"author":[{"embeddable":true,"href":"https:\/\/indefos.gob.mx\/portal\/wp-json\/wp\/v2\/users\/2"}],"replies":[{"embeddable":true,"href":"https:\/\/indefos.gob.mx\/portal\/wp-json\/wp\/v2\/comments?post=327"}],"version-history":[{"count":3,"href":"https:\/\/indefos.gob.mx\/portal\/wp-json\/wp\/v2\/pages\/327\/revisions"}],"predecessor-version":[{"id":339,"href":"https:\/\/indefos.gob.mx\/portal\/wp-json\/wp\/v2\/pages\/327\/revisions\/339"}],"wp:attachment":[{"href":"https:\/\/indefos.gob.mx\/portal\/wp-json\/wp\/v2\/media?parent=327"}],"curies":[{"name":"wp","href":"https:\/\/api.w.org\/{rel}","templated":true}]}}