{"id":3183,"date":"2024-09-09T10:04:47","date_gmt":"2024-09-09T16:04:47","guid":{"rendered":"https:\/\/indefos.gob.mx\/portal\/?page_id=3183"},"modified":"2025-06-12T14:06:22","modified_gmt":"2025-06-12T20:06:22","slug":"pae-2024","status":"publish","type":"page","link":"https:\/\/indefos.gob.mx\/portal\/pae-2024\/","title":{"rendered":"PAE 2024"},"content":{"rendered":"<h4><span style=\"color: #000000;\">PAE 2024<\/span><\/h4>\n<p><span style=\"color: #000000;\"><a style=\"color: #000000;\" href=\"https:\/\/indefos.gob.mx\/portal\/Transparencia\/CoordinacionPlanecaion\/PAE\/PAE%202024\/00Diagn%C3%B3stico%202024%20SEMAIG.pdf\" target=\"_blank\" rel=\"noopener\">0.-Diagn\u00f3stico del Pp 013<\/a><\/span><\/p>\n<p><span style=\"color: #000000;\"><a style=\"color: #000000;\" href=\"https:\/\/indefos.gob.mx\/portal\/Transparencia\/CoordinacionPlanecaion\/PAE\/PAE%202024\/1Informe%20final%20SEMAIG2023PAE2024.pdf\" target=\"_blank\" rel=\"noopener\">1.-Informe final.<\/a><\/span><\/p>\n<p><span style=\"color: #000000;\"><a style=\"color: #000000;\" href=\"https:\/\/indefos.gob.mx\/portal\/Transparencia\/CoordinacionPlanecaion\/PAE\/PAE%202024\/2TDR_P013PAE2024.pdf\" target=\"_blank\" rel=\"noopener\">2.-T\u00e9rminos de Referencia (TdR).<\/a><\/span><\/p>\n<p><span style=\"color: #000000;\"><a style=\"color: #000000;\" href=\"https:\/\/indefos.gob.mx\/portal\/Transparencia\/CoordinacionPlanecaion\/PAE\/PAE%202024\/3Formatoparaladifusiondelosresultados.pdf\" target=\"_blank\" rel=\"noopener\">3.-Anexo 1 Formato para la Difusi\u00f3n de los Resultados de las Evaluaciones de los Programas y Fondos de Aportaciones Federales, as\u00ed como de los Programas Presupuestarios y otros Programas Ejercidos por la Administraci\u00f3n P\u00fablica del Estado de Campeche.<\/a><\/span><\/p>\n<p><span style=\"color: #000000;\"><a style=\"color: #000000;\" href=\"https:\/\/indefos.gob.mx\/portal\/Transparencia\/CoordinacionPlanecaion\/PAE\/PAE%202024\/4Fichatecnicadelevaluador.pdf\" target=\"_blank\" rel=\"noopener\">4.-Ficha T\u00e9cnica del Evaluador.<\/a><\/span><\/p>\n<p><span style=\"color: #000000;\"><a style=\"color: #000000;\" href=\"https:\/\/indefos.gob.mx\/portal\/Transparencia\/CoordinacionPlanecaion\/PAE\/PAE%202024\/5Propuestadetrabajo.pdf\" target=\"_blank\" rel=\"noopener\">5.-Propuesta de trabajo.<\/a><\/span><\/p>\n<p><span style=\"color: #000000;\"><a style=\"color: #000000;\" href=\"https:\/\/indefos.gob.mx\/portal\/Transparencia\/CoordinacionPlanecaion\/PAE\/PAE%202024\/6Resumenejecutivo.pdf\" target=\"_blank\" rel=\"noopener\">6.-Resumen Ejecutivo.<\/a><\/span><\/p>\n<p><span style=\"color: #000000;\"><a style=\"color: #000000;\" href=\"https:\/\/indefos.gob.mx\/portal\/Transparencia\/CoordinacionPlanecaion\/PAE\/PAE%202024\/7Justificacionactaconstitutiva.pdf\" target=\"_blank\" rel=\"noopener\">7.-Acta constitutiva de la instancia evaluadora<\/a><\/span><\/p>\n<p><span style=\"color: #000000;\"><a style=\"color: #000000;\" href=\"https:\/\/indefos.gob.mx\/portal\/Transparencia\/CoordinacionPlanecaion\/PAE\/PAE%202024\/8Constanciadesituacionfiscal.pdf\" target=\"_blank\" rel=\"noopener\">8.-Constancia de Situaci\u00f3n Fiscal.<\/a><\/span><\/p>\n<p><span style=\"color: #000000;\"><a style=\"color: #000000;\" href=\"https:\/\/indefos.gob.mx\/portal\/Transparencia\/CoordinacionPlanecaion\/PAE\/PAE%202024\/9Contratodeprestaciondeservicios.pdf\" target=\"_blank\" rel=\"noopener\">9.-Contrato de Prestaci\u00f3n de Servicios.<\/a><\/span><\/p>\n<p><span style=\"color: #000000;\"><a style=\"color: #000000;\" href=\"https:\/\/indefos.gob.mx\/portal\/Transparencia\/CoordinacionPlanecaion\/PAE\/PAE%202024\/10CurriculumdelEvaluador.pdf\" target=\"_blank\" rel=\"noopener\">10.-Curr\u00edculum del Evaluador.<\/a><\/span><\/p>\n<p><span style=\"color: #000000;\"><a style=\"color: #000000;\" href=\"https:\/\/indefos.gob.mx\/portal\/Transparencia\/CoordinacionPlanecaion\/PAE\/PAE%202024\/11Documentosexperienciadelevaluador.pdf\" target=\"_blank\" rel=\"noopener\">11.-Documentaci\u00f3n que acredite la experiencia del evaluador.<\/a><\/span><\/p>\n<p><span style=\"color: #000000;\"><a style=\"color: #000000;\" href=\"https:\/\/indefos.gob.mx\/portal\/Transparencia\/CoordinacionPlanecaion\/PAE\/PAE%202024\/12Manifestaci%C3%B3nde%20xperienciadel%20evaluador.pdf\" target=\"_blank\" rel=\"noopener\">12.-Documento de Manifestaci\u00f3n por escrito de que el evaluador tiene experiencia.<\/a><\/span><\/p>\n<p><span style=\"color: #000000;\"><a style=\"color: #000000;\" href=\"https:\/\/indefos.gob.mx\/portal\/Transparencia\/CoordinacionPlanecaion\/PAE\/PAE%202024\/13FormatoAnexoAValidacion.pdf\" target=\"_blank\" rel=\"noopener\">13.-Anexo A<\/a><\/span><\/p>\n<p><span style=\"color: #000000;\"><a style=\"color: #000000;\" href=\"https:\/\/indefos.gob.mx\/portal\/Transparencia\/CoordinacionPlanecaion\/PAE\/PAE%202024\/14CIPE%20Pp%20013.pdf\" target=\"_blank\" rel=\"noopener\">14.-C\u00e9dula de Identificaci\u00f3n de Programas a Evaluar (CIPE)<\/a><\/span><\/p>\n<p><span style=\"color: #000000;\"><a style=\"color: #000000;\" href=\"https:\/\/indefos.gob.mx\/portal\/Transparencia\/CoordinacionPlanecaion\/PAE\/PAE%202024\/Anexo%20B.pdf\" target=\"_blank\" rel=\"noopener\">15.-Aspectos Susceptibles de Mejora. Anexo B Documento de Trabajo<\/a><\/span><\/p>\n<p><span style=\"color: #000000;\"><a style=\"color: #000000;\" href=\"https:\/\/indefos.gob.mx\/portal\/Transparencia\/CoordinacionPlanecaion\/PAE\/PAE%202024\/Anexo%20F.pdf\" target=\"_blank\" rel=\"noopener\">16.-Aspectos Susceptibles de Mejora. Anexo F Posici\u00f3n Institucional.<\/a><\/span><\/p>\n<p><span style=\"color: #000000;\"><a style=\"color: #000000;\" href=\"https:\/\/indefos.gob.mx\/portal\/Transparencia\/CoordinacionPlanecaion\/PAE\/PAE%202024\/Informe%20ASM%20Interinstitucionales.pdf\" target=\"_blank\" rel=\"noopener\">17. ASM Interinstitucionales \u00a0<\/a><\/span><\/p>\n","protected":false},"excerpt":{"rendered":"<p>PAE 2024 0.-Diagn\u00f3stico del Pp 013 1.-Informe final. 2.-T\u00e9rminos de Referencia (TdR). 3.-Anexo 1 Formato para la Difusi\u00f3n de los Resultados de las Evaluaciones de los Programas y Fondos de Aportaciones Federales, as\u00ed como de los Programas Presupuestarios y otros Programas Ejercidos por la Administraci\u00f3n P\u00fablica del Estado de Campeche. 4.-Ficha T\u00e9cnica del Evaluador. 5.-Propuesta&hellip; <br \/> <a class=\"read-more\" href=\"https:\/\/indefos.gob.mx\/portal\/pae-2024\/\">Leer m\u00e1s<\/a><\/p>\n","protected":false},"author":2,"featured_media":0,"parent":0,"menu_order":0,"comment_status":"closed","ping_status":"closed","template":"","meta":{"_crdt_document":"","footnotes":""},"class_list":["post-3183","page","type-page","status-publish","hentry"],"rttpg_featured_image_url":null,"rttpg_author":{"display_name":"Instituto de Desarrollo y Formaci\u00f3n Social","author_link":"https:\/\/indefos.gob.mx\/portal\/author\/indefos\/"},"rttpg_comment":0,"rttpg_category":null,"rttpg_excerpt":"PAE 2024 0.-Diagn\u00f3stico del Pp 013 1.-Informe final. 2.-T\u00e9rminos de Referencia (TdR). 3.-Anexo 1 Formato para la Difusi\u00f3n de los Resultados de las Evaluaciones de los Programas y Fondos de Aportaciones Federales, as\u00ed como de los Programas Presupuestarios y otros Programas Ejercidos por la Administraci\u00f3n P\u00fablica del Estado de Campeche. 4.-Ficha T\u00e9cnica del Evaluador. 5.-Propuesta&hellip;&hellip;","_links":{"self":[{"href":"https:\/\/indefos.gob.mx\/portal\/wp-json\/wp\/v2\/pages\/3183","targetHints":{"allow":["GET"]}}],"collection":[{"href":"https:\/\/indefos.gob.mx\/portal\/wp-json\/wp\/v2\/pages"}],"about":[{"href":"https:\/\/indefos.gob.mx\/portal\/wp-json\/wp\/v2\/types\/page"}],"author":[{"embeddable":true,"href":"https:\/\/indefos.gob.mx\/portal\/wp-json\/wp\/v2\/users\/2"}],"replies":[{"embeddable":true,"href":"https:\/\/indefos.gob.mx\/portal\/wp-json\/wp\/v2\/comments?post=3183"}],"version-history":[{"count":6,"href":"https:\/\/indefos.gob.mx\/portal\/wp-json\/wp\/v2\/pages\/3183\/revisions"}],"predecessor-version":[{"id":3325,"href":"https:\/\/indefos.gob.mx\/portal\/wp-json\/wp\/v2\/pages\/3183\/revisions\/3325"}],"wp:attachment":[{"href":"https:\/\/indefos.gob.mx\/portal\/wp-json\/wp\/v2\/media?parent=3183"}],"curies":[{"name":"wp","href":"https:\/\/api.w.org\/{rel}","templated":true}]}}