{"id":3064,"date":"2023-12-14T11:46:06","date_gmt":"2023-12-14T17:46:06","guid":{"rendered":"https:\/\/indefos.gob.mx\/portal\/?page_id=3064"},"modified":"2025-05-30T12:29:15","modified_gmt":"2025-05-30T18:29:15","slug":"pae-2023","status":"publish","type":"page","link":"https:\/\/indefos.gob.mx\/portal\/pae-2023\/","title":{"rendered":"PAE 2023"},"content":{"rendered":"<div class=\"wp-block-image\">\r\n<figure class=\"aligncenter size-full is-resized\"><img loading=\"lazy\" decoding=\"async\" width=\"512\" height=\"512\" class=\"wp-image-2571\" style=\"width: 137px; height: auto;\" src=\"https:\/\/indefos.gob.mx\/portal\/wp-content\/uploads\/2022\/08\/clipboard-3.png\" alt=\"\" srcset=\"https:\/\/indefos.gob.mx\/portal\/wp-content\/uploads\/2022\/08\/clipboard-3.png 512w, https:\/\/indefos.gob.mx\/portal\/wp-content\/uploads\/2022\/08\/clipboard-3-300x300.png 300w, https:\/\/indefos.gob.mx\/portal\/wp-content\/uploads\/2022\/08\/clipboard-3-150x150.png 150w\" sizes=\"auto, (max-width: 512px) 100vw, 512px\" \/><\/figure>\r\n<\/div>\r\n\r\n\r\n<p class=\"wp-block-paragraph\">&nbsp;<\/p>\r\n\r\n\r\n\r\n<p class=\"wp-block-paragraph\"><strong>PAE 2023<\/strong><\/p>\r\n\r\n\r\n\r\n<ol class=\"wp-block-list\">\r\n<li style=\"list-style-type: none;\">\r\n<ol>\r\n<li><span style=\"color: #000000;\"><a style=\"color: #000000;\" href=\"https:\/\/indefos.gob.mx\/portal\/Transparencia\/CoordinacionPlanecaion\/PAE\/PAE%202023\/1.%20InformeFinal.pdf\">Informe final.<\/a><\/span><\/li>\r\n<\/ol>\r\n<\/li>\r\n<\/ol>\r\n<p>&nbsp;<\/p>\r\n<ol>\r\n<li style=\"list-style-type: none;\">\r\n<ol>\r\n\r\n\r\n<li><span style=\"color: #000000;\"><a style=\"color: #000000;\" href=\"https:\/\/indefos.gob.mx\/portal\/Transparencia\/CoordinacionPlanecaion\/PAE\/PAE%202023\/2.%20T%C3%A9rminos%20de%20Referencia%20E006.pdf\">T\u00e9rminos de Referencia (TdR).<\/a><\/span><\/li>\r\n<\/ol>\r\n<\/li>\r\n<\/ol>\r\n<p>&nbsp;<\/p>\r\n<ol>\r\n<li style=\"list-style-type: none;\">\r\n<ol>\r\n\r\n\r\n<li><span style=\"color: #000000;\"><a style=\"color: #000000;\" href=\"https:\/\/indefos.gob.mx\/portal\/Transparencia\/CoordinacionPlanecaion\/PAE\/PAE%202023\/3.%20Anexo1%2CFormatoparalaDifusiondeResultados.pdf\">Anexo 1 Formato para la Difusi\u00f3n de los Resultados de las Evaluaciones de los Programas y Fondos de Aportaciones Federales, as\u00ed como de los Programas Presupuestarios y otros Programas Ejercidos por la Administraci\u00f3n P\u00fablica del Estado de Campeche.<\/a><\/span><\/li>\r\n<\/ol>\r\n<\/li>\r\n<\/ol>\r\n<p>&nbsp;<\/p>\r\n<ol>\r\n<li style=\"list-style-type: none;\">\r\n<ol>\r\n\r\n\r\n<li><span style=\"color: #000000;\"><a style=\"color: #000000;\" href=\"https:\/\/indefos.gob.mx\/portal\/Transparencia\/CoordinacionPlanecaion\/PAE\/PAE%202023\/4.%20FichaTecnica.pdf\">Ficha T\u00e9cnica del Evaluador.<\/a><\/span><\/li>\r\n<\/ol>\r\n<\/li>\r\n<\/ol>\r\n<p>&nbsp;<\/p>\r\n<ol>\r\n<li style=\"list-style-type: none;\">\r\n<ol>\r\n\r\n\r\n<li><span style=\"color: #000000;\"><a style=\"color: #000000;\" href=\"https:\/\/indefos.gob.mx\/portal\/Transparencia\/CoordinacionPlanecaion\/PAE\/PAE%202023\/5.%20Propuesta%20de%20Trabajo.pdf\">Propuesta de trabajo.<\/a><\/span><\/li>\r\n<\/ol>\r\n<\/li>\r\n<\/ol>\r\n<p>&nbsp;<\/p>\r\n<ol>\r\n<li style=\"list-style-type: none;\">\r\n<ol>\r\n\r\n\r\n<li><span style=\"color: #000000;\"><a style=\"color: #000000;\" href=\"https:\/\/indefos.gob.mx\/portal\/Transparencia\/CoordinacionPlanecaion\/PAE\/PAE%202023\/6.%20Resumen%20Ejecutivo.pdf\">Resumen Ejecutivo.<\/a><\/span><\/li>\r\n<\/ol>\r\n<\/li>\r\n<\/ol>\r\n<p>&nbsp;<\/p>\r\n<ol>\r\n<li style=\"list-style-type: none;\">\r\n<ol>\r\n\r\n\r\n<li><span style=\"color: #000000;\"><a style=\"color: #000000;\" href=\"https:\/\/indefos.gob.mx\/portal\/Transparencia\/CoordinacionPlanecaion\/PAE\/PAE%202023\/7.%20Constancia%20de%20Situaci%C3%B3n%20Fiscal.pdf\">Constancia de Situaci\u00f3n Fiscal.<\/a><\/span><\/li>\r\n<\/ol>\r\n<\/li>\r\n<\/ol>\r\n<p>&nbsp;<\/p>\r\n<ol>\r\n<li style=\"list-style-type: none;\">\r\n<ol>\r\n\r\n\r\n<li><span style=\"color: #000000;\"><a style=\"color: #000000;\" href=\"https:\/\/indefos.gob.mx\/portal\/Transparencia\/CoordinacionPlanecaion\/PAE\/PAE%202023\/8.%20Contrato%20de%20prestraci%C3%B3n%20de%20servicios.pdf\">Contrato de Prestaci\u00f3n de Servicios.<\/a><\/span><\/li>\r\n<\/ol>\r\n<\/li>\r\n<\/ol>\r\n<p>&nbsp;<\/p>\r\n<ol>\r\n<li style=\"list-style-type: none;\">\r\n<ol>\r\n\r\n\r\n<li><span style=\"color: #000000;\"><a style=\"color: #000000;\" href=\"https:\/\/indefos.gob.mx\/portal\/Transparencia\/CoordinacionPlanecaion\/PAE\/PAE%202023\/9.%20Curriculum%20evaluador.pdf\">Curr\u00edculum del Evaluador.<\/a><\/span><\/li>\r\n<\/ol>\r\n<\/li>\r\n<\/ol>\r\n<p>&nbsp;<\/p>\r\n<ol>\r\n<li style=\"list-style-type: none;\">\r\n<ol>\r\n\r\n\r\n<li><span style=\"color: #000000;\"><a style=\"color: #000000;\" href=\"https:\/\/indefos.gob.mx\/portal\/Transparencia\/CoordinacionPlanecaion\/PAE\/PAE%202023\/10.%20ExperienciaDelEvaluadorExterno2023.pdf\">Documentaci\u00f3n que acredite la experiencia del evaluador.<\/a><\/span><\/li>\r\n<\/ol>\r\n<\/li>\r\n<\/ol>\r\n<p>&nbsp;<\/p>\r\n<ol>\r\n<li style=\"list-style-type: none;\">\r\n<ol>\r\n\r\n\r\n<li><span style=\"color: #000000;\"><a style=\"color: #000000;\" href=\"https:\/\/indefos.gob.mx\/portal\/Transparencia\/CoordinacionPlanecaion\/PAE\/PAE%202023\/11.%20Manifestaci%C3%B3nDeExperienciaDelEvaluador.pdf\">Documento de Manifestaci\u00f3n por escrito de que el evaluador tiene experiencia.<\/a><\/span><\/li>\r\n<\/ol>\r\n<\/li>\r\n<\/ol>\r\n<p>&nbsp;<\/p>\r\n<ol>\r\n<li style=\"list-style-type: none;\">\r\n<ol>\r\n\r\n\r\n<li><span style=\"color: #000000;\"><a style=\"color: #000000;\" href=\"https:\/\/indefos.gob.mx\/portal\/Transparencia\/CoordinacionPlanecaion\/PAE\/PAE%202023\/12.%20Anexo%20A%20INDEFOS.pdf\">Anexo A<\/a><\/span><\/li>\r\n<\/ol>\r\n<\/li>\r\n<\/ol>\r\n<p>&nbsp;<\/p>\r\n<ol>\r\n<li style=\"list-style-type: none;\">\r\n<ol>\r\n\r\n\r\n<li><a href=\"https:\/\/indefos.gob.mx\/portal\/Transparencia\/CoordinacionPlanecaion\/PAE\/PAE%202023\/13.%20CIPE%20Pp%20006%20INDEFOS.pdf\"><span style=\"color: #000000;\">C\u00e9dula de Identificaci\u00f3n de Programas a Evaluar (CIPE)<\/span><\/a><\/li>\r\n<\/ol>\r\n<\/li>\r\n<\/ol>\r\n<p>\u00a0 \u00a0<span style=\"color: #000000;\"> \u00a0 \u00a0 \u00a0<a style=\"color: #000000;\" href=\"https:\/\/indefos.gob.mx\/portal\/Transparencia\/CoordinacionPlanecaion\/PAE\/PAE%202023\/Oficio%20No%20realizaci%C3%B3n%20ASM%20PAE%202023%20Pp%20006.pdf\" target=\"_blank\" rel=\"noopener\"> Oficio de justificaci\u00f3n de no realizaci\u00f3n de ASM\u00a0<\/a><\/span><\/p>\r\n<ol><\/ol>\r\n","protected":false},"excerpt":{"rendered":"<p>&nbsp; PAE 2023<\/p>\n","protected":false},"author":2,"featured_media":0,"parent":0,"menu_order":0,"comment_status":"closed","ping_status":"closed","template":"","meta":{"_crdt_document":"","footnotes":""},"class_list":["post-3064","page","type-page","status-publish","hentry"],"rttpg_featured_image_url":null,"rttpg_author":{"display_name":"Instituto de Desarrollo y Formaci\u00f3n Social","author_link":"https:\/\/indefos.gob.mx\/portal\/author\/indefos\/"},"rttpg_comment":0,"rttpg_category":null,"rttpg_excerpt":"&nbsp; PAE 2023","_links":{"self":[{"href":"https:\/\/indefos.gob.mx\/portal\/wp-json\/wp\/v2\/pages\/3064","targetHints":{"allow":["GET"]}}],"collection":[{"href":"https:\/\/indefos.gob.mx\/portal\/wp-json\/wp\/v2\/pages"}],"about":[{"href":"https:\/\/indefos.gob.mx\/portal\/wp-json\/wp\/v2\/types\/page"}],"author":[{"embeddable":true,"href":"https:\/\/indefos.gob.mx\/portal\/wp-json\/wp\/v2\/users\/2"}],"replies":[{"embeddable":true,"href":"https:\/\/indefos.gob.mx\/portal\/wp-json\/wp\/v2\/comments?post=3064"}],"version-history":[{"count":5,"href":"https:\/\/indefos.gob.mx\/portal\/wp-json\/wp\/v2\/pages\/3064\/revisions"}],"predecessor-version":[{"id":3297,"href":"https:\/\/indefos.gob.mx\/portal\/wp-json\/wp\/v2\/pages\/3064\/revisions\/3297"}],"wp:attachment":[{"href":"https:\/\/indefos.gob.mx\/portal\/wp-json\/wp\/v2\/media?parent=3064"}],"curies":[{"name":"wp","href":"https:\/\/api.w.org\/{rel}","templated":true}]}}