{"id":2470,"date":"2022-08-03T12:40:57","date_gmt":"2022-08-03T17:40:57","guid":{"rendered":"https:\/\/indefos.gob.mx\/portal\/?page_id=2470"},"modified":"2023-02-24T10:00:13","modified_gmt":"2023-02-24T16:00:13","slug":"fraccion-xlviii-2","status":"publish","type":"page","link":"https:\/\/indefos.gob.mx\/portal\/fraccion-xlviii-2\/","title":{"rendered":"Fracci\u00f3n XLVIII"},"content":{"rendered":"\n<table id=\"tablepress-31\" class=\"tablepress tablepress-id-31 tbody-has-connected-cells\">\n<thead>\n<tr class=\"row-1\">\n\t<th class=\"column-1\">Fracci\u00f3n<\/th><th class=\"column-2\">Obligaci\u00f3n<\/th><th class=\"column-3\">Aplicabilidad INDEFOS<\/th><th class=\"column-4\">Per\u00edodo de Aplicaci\u00f3n<\/th>\n<\/tr>\n<\/thead>\n<tbody class=\"row-striping row-hover\">\n<tr class=\"row-2\">\n\t<td colspan=\"4\" class=\"column-1\">Unidad Juridica<\/td>\n<\/tr>\n<tr class=\"row-3\">\n\t<td class=\"column-1\">A)<\/td><td class=\"column-2\"><p align=\"justify\">Otra informaci\u00f3n de inter\u00e9s p\u00fablico<\/p><\/td><td class=\"column-3\"><a href=\"https:\/\/indefos.gob.mx\/portal\/Transparencia\/UnidadJuridica\/Fracciones\/N_F48a_LTAIPEC_Art74FrXLVIII.xlsx\"><img loading=\"lazy\" decoding=\"async\" src=\"http:\/\/indefos.gob.mx\/portal\/wp-content\/uploads\/2017\/03\/paloma.png\" alt=\"\" width=\"25\" height=\"25\" class=\"alignnone size-full wp-image-298\" \/><\/a><\/td><td class=\"column-4\">Trimestral<\/td>\n<\/tr>\n<tr class=\"row-4\">\n\t<td class=\"column-1\">B)<\/td><td class=\"column-2\"><p align=\"justify\"> Informaci\u00f3n de inter\u00e9s p\u00fablico<\/p><\/td><td class=\"column-3\"><a href=\"https:\/\/indefos.gob.mx\/portal\/Transparencia\/UnidadJuridica\/Fracciones\/N_F48b_LTAIPEC_Art74FrXLVIII.xlsx\"><img loading=\"lazy\" decoding=\"async\" src=\"http:\/\/indefos.gob.mx\/portal\/wp-content\/uploads\/2017\/03\/paloma.png\" alt=\"\" width=\"25\" height=\"25\" class=\"alignnone size-full wp-image-298\" \/><\/a><\/td><td class=\"column-4\">Trimestral<\/td>\n<\/tr>\n<tr class=\"row-5\">\n\t<td class=\"column-1\">C)<\/td><td class=\"column-2\"><p align=\"justify\">Preguntas frecuentes<\/p><\/td><td class=\"column-3\"><a href=\"https:\/\/indefos.gob.mx\/portal\/Transparencia\/UnidadJuridica\/Fracciones\/N_F48c_LTAIPEC_Art74FrXLVIII.xlsx\"><img loading=\"lazy\" decoding=\"async\" src=\"http:\/\/indefos.gob.mx\/portal\/wp-content\/uploads\/2017\/03\/paloma.png\" alt=\"\" width=\"25\" height=\"25\" class=\"alignnone size-full wp-image-298\" \/><\/a><\/td><td class=\"column-4\">Trimestral<\/td>\n<\/tr>\n<tr class=\"row-6\">\n\t<td colspan=\"4\" class=\"column-1\">Coordinaci\u00f3n de Planeaci\u00f3n<\/td>\n<\/tr>\n<tr class=\"row-7\">\n\t<td class=\"column-1\">A)<\/td><td class=\"column-2\"><p align=\"justify\">Otra informaci\u00f3n de inter\u00e9s p\u00fablico<\/p><\/td><td class=\"column-3\"><a href=\"https:\/\/indefos.gob.mx\/portal\/Transparencia\/CoordinacionPlanecaion\/Fracciones\/N_F48a_LTAIPEC_Art74FrXLVIII.xlsx\"><img loading=\"lazy\" decoding=\"async\" src=\"http:\/\/indefos.gob.mx\/portal\/wp-content\/uploads\/2017\/03\/paloma.png\" alt=\"\" width=\"25\" height=\"25\" class=\"alignnone size-full wp-image-298\" \/><\/a><\/td><td class=\"column-4\">Trimestral<\/td>\n<\/tr>\n<tr class=\"row-8\">\n\t<td class=\"column-1\">B)<\/td><td class=\"column-2\"><p align=\"justify\">Informaci\u00f3n de inter\u00e9s p\u00fablico<\/p><\/td><td class=\"column-3\"><a href=\"https:\/\/indefos.gob.mx\/portal\/Transparencia\/CoordinacionPlanecaion\/Fracciones\/N_F48b_LTAIPEC_Art74FrXLVIII.xlsx\"><img loading=\"lazy\" decoding=\"async\" src=\"http:\/\/indefos.gob.mx\/portal\/wp-content\/uploads\/2017\/03\/paloma.png\" alt=\"\" width=\"25\" height=\"25\" class=\"alignnone size-full wp-image-298\" \/><\/a><\/td><td class=\"column-4\">Trimestral<\/td>\n<\/tr>\n<tr class=\"row-9\">\n\t<td class=\"column-1\">C)<\/td><td class=\"column-2\"><p align=\"justify\">Preguntas frecuentes<\/p><\/td><td class=\"column-3\"><a href=\"https:\/\/indefos.gob.mx\/portal\/Transparencia\/CoordinacionPlanecaion\/Fracciones\/N_F48c_LTAIPEC_Art74FrXLVIII.xlsx\"><img loading=\"lazy\" decoding=\"async\" src=\"http:\/\/indefos.gob.mx\/portal\/wp-content\/uploads\/2017\/03\/paloma.png\" alt=\"\" width=\"25\" height=\"25\" class=\"alignnone size-full wp-image-298\" \/><\/a><\/td><td class=\"column-4\">Trimestral<\/td>\n<\/tr>\n<tr class=\"row-10\">\n\t<td colspan=\"4\" class=\"column-1\">Coordinaci\u00f3n Adtva<\/td>\n<\/tr>\n<tr class=\"row-11\">\n\t<td class=\"column-1\">A)<\/td><td class=\"column-2\"><p align=\"justify\">Otra informaci\u00f3n de inter\u00e9s p\u00fablico<\/p><\/td><td class=\"column-3\"><a href=\"https:\/\/indefos.gob.mx\/portal\/Transparencia\/CoordinacionAdtva\/Fracciones\/N_F48a_LTAIPEC_Art74FrXLVIII.xlsx\"><img loading=\"lazy\" decoding=\"async\" src=\"http:\/\/indefos.gob.mx\/portal\/wp-content\/uploads\/2017\/03\/paloma.png\" alt=\"\" width=\"25\" height=\"25\" class=\"alignnone size-full wp-image-298\" \/><\/a><\/td><td class=\"column-4\">Trimestral<\/td>\n<\/tr>\n<tr class=\"row-12\">\n\t<td class=\"column-1\">B)<\/td><td class=\"column-2\"><p align=\"justify\">Informaci\u00f3n de inter\u00e9s p\u00fablico<\/p><\/td><td class=\"column-3\"><a href=\"https:\/\/indefos.gob.mx\/portal\/Transparencia\/CoordinacionAdtva\/Fracciones\/N_F48b_LTAIPEC_Art74FrXLVIII.xlsx\"><img loading=\"lazy\" decoding=\"async\" src=\"http:\/\/indefos.gob.mx\/portal\/wp-content\/uploads\/2017\/03\/paloma.png\" alt=\"\" width=\"25\" height=\"25\" class=\"alignnone size-full wp-image-298\" \/><\/a><\/td><td class=\"column-4\">Trimestral<\/td>\n<\/tr>\n<tr class=\"row-13\">\n\t<td class=\"column-1\">C)<\/td><td class=\"column-2\"><p align=\"justify\">Preguntas frecuentes<\/p><\/td><td class=\"column-3\"><a href=\"https:\/\/indefos.gob.mx\/portal\/Transparencia\/CoordinacionAdtva\/Fracciones\/N_F48c_LTAIPEC_Art74FrXLVIII.xlsx\"><img loading=\"lazy\" decoding=\"async\" src=\"http:\/\/indefos.gob.mx\/portal\/wp-content\/uploads\/2017\/03\/paloma.png\" alt=\"\" width=\"25\" height=\"25\" class=\"alignnone size-full wp-image-298\" \/><\/a><\/td><td class=\"column-4\">Trimestral<\/td>\n<\/tr>\n<tr class=\"row-14\">\n\t<td colspan=\"4\" class=\"column-1\">Unidad Contable<\/td>\n<\/tr>\n<tr class=\"row-15\">\n\t<td class=\"column-1\">A)<\/td><td class=\"column-2\"><p align=\"justify\">Otra informaci\u00f3n de inter\u00e9s p\u00fablico<\/p><\/td><td class=\"column-3\"><a href=\"https:\/\/indefos.gob.mx\/portal\/Transparencia\/UnidadContable\/Fracciones\/N_F48a_LTAIPEC_Art74FrXLVIII.xlsx\"><img loading=\"lazy\" decoding=\"async\" src=\"http:\/\/indefos.gob.mx\/portal\/wp-content\/uploads\/2017\/03\/paloma.png\" alt=\"\" width=\"25\" height=\"25\" class=\"alignnone size-full wp-image-298\" \/><\/a><\/td><td class=\"column-4\">Trimestral<\/td>\n<\/tr>\n<tr class=\"row-16\">\n\t<td class=\"column-1\">B)<\/td><td class=\"column-2\"><p align=\"justify\">Informaci\u00f3n de inter\u00e9s p\u00fablico<\/p><\/td><td class=\"column-3\"><a href=\"https:\/\/indefos.gob.mx\/portal\/Transparencia\/UnidadContable\/Fracciones\/N_F48b_LTAIPEC_Art74FrXLVIII.xlsx\"><img loading=\"lazy\" decoding=\"async\" src=\"http:\/\/indefos.gob.mx\/portal\/wp-content\/uploads\/2017\/03\/paloma.png\" alt=\"\" width=\"25\" height=\"25\" class=\"alignnone size-full wp-image-298\" \/><\/a><\/td><td class=\"column-4\">Trimestral<\/td>\n<\/tr>\n<tr class=\"row-17\">\n\t<td class=\"column-1\">C)<\/td><td class=\"column-2\"><p align=\"justify\">Preguntas frecuentes<\/p><\/td><td class=\"column-3\"><a href=\"https:\/\/indefos.gob.mx\/portal\/Transparencia\/UnidadContable\/Fracciones\/N_F48c_LTAIPEC_Art74FrXLVIII.xlsx\"><img loading=\"lazy\" decoding=\"async\" src=\"http:\/\/indefos.gob.mx\/portal\/wp-content\/uploads\/2017\/03\/paloma.png\" alt=\"\" width=\"25\" height=\"25\" class=\"alignnone size-full wp-image-298\" \/><\/a><\/td><td class=\"column-4\">Trimestral<\/td>\n<\/tr>\n<tr class=\"row-18\">\n\t<td colspan=\"4\" class=\"column-1\">Unidad de Transparencia<\/td>\n<\/tr>\n<tr class=\"row-19\">\n\t<td class=\"column-1\">A)<\/td><td class=\"column-2\"><p align=\"justify\">Otra informaci\u00f3n de inter\u00e9s p\u00fablico<\/p><\/td><td class=\"column-3\"><a href=\"https:\/\/indefos.gob.mx\/portal\/Transparencia\/UnidadTransparencia\/Fracciones\/N_F48a_LTAIPEC_Art74FrXLVIII.xlsx\"><img loading=\"lazy\" decoding=\"async\" src=\"http:\/\/indefos.gob.mx\/portal\/wp-content\/uploads\/2017\/03\/paloma.png\" alt=\"\" width=\"25\" height=\"25\" class=\"alignnone size-full wp-image-298\" \/><\/a><\/td><td class=\"column-4\">Trimestral<\/td>\n<\/tr>\n<tr class=\"row-20\">\n\t<td class=\"column-1\">B)<\/td><td class=\"column-2\"><p align=\"justify\">Informaci\u00f3n de inter\u00e9s p\u00fablico<\/p><\/td><td class=\"column-3\"><a href=\"https:\/\/indefos.gob.mx\/portal\/Transparencia\/UnidadTransparencia\/Fracciones\/N_F48b_LTAIPEC_Art74FrXLVIII.xlsx\"><img loading=\"lazy\" decoding=\"async\" src=\"http:\/\/indefos.gob.mx\/portal\/wp-content\/uploads\/2017\/03\/paloma.png\" alt=\"\" width=\"25\" height=\"25\" class=\"alignnone size-full wp-image-298\" \/><\/a><\/td><td class=\"column-4\">Trimestral<\/td>\n<\/tr>\n<tr class=\"row-21\">\n\t<td class=\"column-1\">C)<\/td><td class=\"column-2\"><p align=\"justify\">Preguntas frecuentes<\/p><\/td><td class=\"column-3\"><a href=\"https:\/\/indefos.gob.mx\/portal\/Transparencia\/UnidadTransparencia\/Fracciones\/N_F48c_LTAIPEC_Art74FrXLVIII.xlsx\"><img loading=\"lazy\" decoding=\"async\" src=\"http:\/\/indefos.gob.mx\/portal\/wp-content\/uploads\/2017\/03\/paloma.png\" alt=\"\" width=\"25\" height=\"25\" class=\"alignnone size-full wp-image-298\" \/><\/a><\/td><td class=\"column-4\">Trimestral<\/td>\n<\/tr>\n<tr class=\"row-22\">\n\t<td colspan=\"4\" class=\"column-1\">Programas Comunitarios <\/td>\n<\/tr>\n<tr class=\"row-23\">\n\t<td class=\"column-1\">A)<\/td><td class=\"column-2\"><p align=\"justify\">Otra informaci\u00f3n de inter\u00e9s p\u00fablico<\/p><\/td><td class=\"column-3\"><a href=\"https:\/\/indefos.gob.mx\/portal\/Transparencia\/ProgramasComunitarios\/Fracciones\/N_F48a_LTAIPEC_Art74FrXLVIII.xlsx\"><img loading=\"lazy\" decoding=\"async\" src=\"http:\/\/indefos.gob.mx\/portal\/wp-content\/uploads\/2017\/03\/paloma.png\" alt=\"\" width=\"25\" height=\"25\" class=\"alignnone size-full wp-image-298\" \/><\/a><\/td><td class=\"column-4\">Trimestral<\/td>\n<\/tr>\n<tr class=\"row-24\">\n\t<td class=\"column-1\">B)<\/td><td class=\"column-2\"><p align=\"justify\">Informaci\u00f3n de inter\u00e9s p\u00fablico<\/p><\/td><td class=\"column-3\"><a href=\"https:\/\/indefos.gob.mx\/portal\/Transparencia\/ProgramasComunitarios\/Fracciones\/N_F48b_LTAIPEC_Art74FrXLVIII.xlsx\"><img loading=\"lazy\" decoding=\"async\" src=\"http:\/\/indefos.gob.mx\/portal\/wp-content\/uploads\/2017\/03\/paloma.png\" alt=\"\" width=\"25\" height=\"25\" class=\"alignnone size-full wp-image-298\" \/><\/a><\/td><td class=\"column-4\">Trimestral<\/td>\n<\/tr>\n<tr class=\"row-25\">\n\t<td class=\"column-1\">C)<\/td><td class=\"column-2\"><p align=\"justify\">Preguntas frecuentes<\/p><\/td><td class=\"column-3\"><a href=\"https:\/\/indefos.gob.mx\/portal\/Transparencia\/ProgramasComunitarios\/Fracciones\/N_F48c_LTAIPEC_Art74FrXLVIII.xlsx\"><img loading=\"lazy\" decoding=\"async\" src=\"http:\/\/indefos.gob.mx\/portal\/wp-content\/uploads\/2017\/03\/paloma.png\" alt=\"\" width=\"25\" height=\"25\" class=\"alignnone size-full wp-image-298\" \/><\/a><\/td><td class=\"column-4\">Trimestral<\/td>\n<\/tr>\n<tr class=\"row-26\">\n\t<td colspan=\"4\" class=\"column-1\">Direcci\u00f3n de Capacitaci\u00f3n<\/td>\n<\/tr>\n<tr class=\"row-27\">\n\t<td class=\"column-1\">A)<\/td><td class=\"column-2\"><p align=\"justify\">Otra informaci\u00f3n de inter\u00e9s p\u00fablico<\/p><\/td><td class=\"column-3\"><a href=\"https:\/\/indefos.gob.mx\/portal\/Transparencia\/DireccionCapacitacion\/Fracciones\/N_F48a_LTAIPEC_Art74FrXLVIII.xlsx\"><img loading=\"lazy\" decoding=\"async\" src=\"http:\/\/indefos.gob.mx\/portal\/wp-content\/uploads\/2017\/03\/paloma.png\" alt=\"\" width=\"25\" height=\"25\" class=\"alignnone size-full wp-image-298\" \/><\/a><\/td><td class=\"column-4\">Trimestral<\/td>\n<\/tr>\n<tr class=\"row-28\">\n\t<td class=\"column-1\">B)<\/td><td class=\"column-2\"><p align=\"justify\">Informaci\u00f3n de inter\u00e9s p\u00fablico<\/p><\/td><td class=\"column-3\"><a href=\"https:\/\/indefos.gob.mx\/portal\/Transparencia\/DireccionCapacitacion\/Fracciones\/N_F48b_LTAIPEC_Art74FrXLVIII.xlsx\"><img loading=\"lazy\" decoding=\"async\" src=\"http:\/\/indefos.gob.mx\/portal\/wp-content\/uploads\/2017\/03\/paloma.png\" alt=\"\" width=\"25\" height=\"25\" class=\"alignnone size-full wp-image-298\" \/><\/a><\/td><td class=\"column-4\">Trimestral<\/td>\n<\/tr>\n<tr class=\"row-29\">\n\t<td class=\"column-1\">C)<\/td><td class=\"column-2\"><p align=\"justify\">Preguntas frecuentes<\/p><\/td><td class=\"column-3\"><a href=\"https:\/\/indefos.gob.mx\/portal\/Transparencia\/DireccionCapacitacion\/Fracciones\/N_F48c_LTAIPEC_Art74FrXLVIII.xlsx\"><img loading=\"lazy\" decoding=\"async\" src=\"http:\/\/indefos.gob.mx\/portal\/wp-content\/uploads\/2017\/03\/paloma.png\" alt=\"\" width=\"25\" height=\"25\" class=\"alignnone size-full wp-image-298\" \/><\/a><\/td><td class=\"column-4\">Trimestral<\/td>\n<\/tr>\n<tr class=\"row-30\">\n\t<td colspan=\"4\" class=\"column-1\">\u00c1rea de Informatica<\/td>\n<\/tr>\n<tr class=\"row-31\">\n\t<td class=\"column-1\">A)<\/td><td class=\"column-2\"><p align=\"justify\">Otra informaci\u00f3n de inter\u00e9s p\u00fablico<\/p><\/td><td class=\"column-3\"><a href=\"https:\/\/indefos.gob.mx\/portal\/Transparencia\/Informatica\/Fracciones\/N_F48a_LTAIPEC_Art74FrXLVIII.xlsx\"><img loading=\"lazy\" decoding=\"async\" src=\"http:\/\/indefos.gob.mx\/portal\/wp-content\/uploads\/2017\/03\/paloma.png\" alt=\"\" width=\"25\" height=\"25\" class=\"alignnone size-full wp-image-298\" \/><\/a><\/td><td class=\"column-4\">Trimestral<\/td>\n<\/tr>\n<tr class=\"row-32\">\n\t<td class=\"column-1\">B)<\/td><td class=\"column-2\"><p align=\"justify\">Informaci\u00f3n de inter\u00e9s p\u00fablico<\/p><\/td><td class=\"column-3\"><a href=\"https:\/\/indefos.gob.mx\/portal\/Transparencia\/Informatica\/Fracciones\/N_F48b_LTAIPEC_Art74FrXLVIII.xlsx\"><img loading=\"lazy\" decoding=\"async\" src=\"http:\/\/indefos.gob.mx\/portal\/wp-content\/uploads\/2017\/03\/paloma.png\" alt=\"\" width=\"25\" height=\"25\" class=\"alignnone size-full wp-image-298\" \/><\/a><\/td><td class=\"column-4\">Trimestral<\/td>\n<\/tr>\n<tr class=\"row-33\">\n\t<td class=\"column-1\">C)<\/td><td class=\"column-2\"><p align=\"justify\">Preguntas frecuentes<\/p><\/td><td class=\"column-3\"><a href=\"https:\/\/indefos.gob.mx\/portal\/Transparencia\/Informatica\/Fracciones\/N_F48c_LTAIPEC_Art74FrXLVIII.xlsx\"><img loading=\"lazy\" decoding=\"async\" src=\"http:\/\/indefos.gob.mx\/portal\/wp-content\/uploads\/2017\/03\/paloma.png\" alt=\"\" width=\"25\" height=\"25\" class=\"alignnone size-full wp-image-298\" \/><\/a><\/td><td class=\"column-4\">Trimestral<\/td>\n<\/tr>\n<\/tbody>\n<\/table>\n<!-- #tablepress-31 from cache -->\n","protected":false},"excerpt":{"rendered":"","protected":false},"author":2,"featured_media":0,"parent":0,"menu_order":0,"comment_status":"closed","ping_status":"closed","template":"","meta":{"_crdt_document":"","footnotes":""},"class_list":["post-2470","page","type-page","status-publish","hentry"],"rttpg_featured_image_url":null,"rttpg_author":{"display_name":"Instituto de Desarrollo y Formaci\u00f3n Social","author_link":"https:\/\/indefos.gob.mx\/portal\/author\/indefos\/"},"rttpg_comment":0,"rttpg_category":null,"rttpg_excerpt":null,"_links":{"self":[{"href":"https:\/\/indefos.gob.mx\/portal\/wp-json\/wp\/v2\/pages\/2470","targetHints":{"allow":["GET"]}}],"collection":[{"href":"https:\/\/indefos.gob.mx\/portal\/wp-json\/wp\/v2\/pages"}],"about":[{"href":"https:\/\/indefos.gob.mx\/portal\/wp-json\/wp\/v2\/types\/page"}],"author":[{"embeddable":true,"href":"https:\/\/indefos.gob.mx\/portal\/wp-json\/wp\/v2\/users\/2"}],"replies":[{"embeddable":true,"href":"https:\/\/indefos.gob.mx\/portal\/wp-json\/wp\/v2\/comments?post=2470"}],"version-history":[{"count":1,"href":"https:\/\/indefos.gob.mx\/portal\/wp-json\/wp\/v2\/pages\/2470\/revisions"}],"predecessor-version":[{"id":2471,"href":"https:\/\/indefos.gob.mx\/portal\/wp-json\/wp\/v2\/pages\/2470\/revisions\/2471"}],"wp:attachment":[{"href":"https:\/\/indefos.gob.mx\/portal\/wp-json\/wp\/v2\/media?parent=2470"}],"curies":[{"name":"wp","href":"https:\/\/api.w.org\/{rel}","templated":true}]}}