{"id":2352,"date":"2022-02-01T10:18:41","date_gmt":"2022-02-01T16:18:41","guid":{"rendered":"https:\/\/indefos.gob.mx\/portal\/?page_id=2352"},"modified":"2026-04-10T10:01:03","modified_gmt":"2026-04-10T16:01:03","slug":"cepci","status":"publish","type":"page","link":"https:\/\/indefos.gob.mx\/portal\/cepci\/","title":{"rendered":"CEPCI"},"content":{"rendered":"<div class=\"wp-block-image\">\n<figure class=\"aligncenter size-medium\"><img loading=\"lazy\" decoding=\"async\" width=\"300\" height=\"300\" src=\"https:\/\/indefos.gob.mx\/portal\/wp-content\/uploads\/2022\/08\/library-300x300.png\" alt=\"\" class=\"wp-image-2557\" srcset=\"https:\/\/indefos.gob.mx\/portal\/wp-content\/uploads\/2022\/08\/library-300x300.png 300w, https:\/\/indefos.gob.mx\/portal\/wp-content\/uploads\/2022\/08\/library-150x150.png 150w, https:\/\/indefos.gob.mx\/portal\/wp-content\/uploads\/2022\/08\/library.png 512w\" sizes=\"auto, (max-width: 300px) 100vw, 300px\" \/><\/figure>\n<\/div>\n\n\n<h4 class=\"wp-block-heading\">&nbsp;<\/h4>\n\n\n<h4><span style=\"color: #000000;\"><a style=\"color: #000000;\" href=\"https:\/\/indefos.gob.mx\/portal\/Transparencia\/Otros\/POSICIONAMIENTO%20DE%20NO%20TOLERANCIA%20A%20LOS%20ACTOS%20CORRUPTOS_opt.pdf\" target=\"_blank\" rel=\"noopener\">No Tolerancia a los Actos de Corrupci\u00f3n<\/a><\/span><\/h4>\n<h4><span style=\"color: #000000;\"><a style=\"color: #000000;\" href=\"https:\/\/indefos.gob.mx\/portal\/Transparencia\/Otros\/PRONUNCIAMIENTO%20CERO%20TOLERANCIA%20ACOSO%20SEXUAL_opt.pdf\" target=\"_blank\" rel=\"noopener\">Pronunciamiento Cero Tolerancia al Hostigamiento Sexual<\/a><\/span><\/h4>\n<h4><span style=\"color: #000000;\"><a style=\"color: #000000;\" href=\"https:\/\/indefos.gob.mx\/portal\/Transparencia\/Otros\/Lineamientos%20Comite%20de%20Etica%2022102025.pdf\" target=\"_blank\" rel=\"noopener\">Lineamientos Comit\u00e9 de \u00c9tica<\/a> <\/span><\/h4>\n<h4 class=\"has-text-align-left\"><span style=\"color: #000000;\"><a style=\"color: #000000;\" href=\"https:\/\/indefos.gob.mx\/portal\/Transparencia\/Otros\/Acta%20de%20Reinstalacion%20del%20Comit%C3%A9%2019.pdf\" target=\"_blank\" rel=\"noopener\"><strong>Acta de Reinstalaci\u00f3n del Comit\u00e9 de \u00c9tica<\/strong><\/a><\/span><\/h4>\n<h4 class=\"has-text-align-left\"><span style=\"color: #000000;\"><a style=\"color: #000000;\" href=\"https:\/\/indefos.gob.mx\/portal\/Transparencia\/Otros\/POE%2018%20DICIEMBRE%202023%20TERCERA%20SECCION%20FIRMADO.pdf\" target=\"_blank\" rel=\"noopener\"><strong>C\u00f3digo de Conducta<\/strong><\/a><\/span><\/h4>\n<h4 class=\"has-text-align-left\"><span style=\"color: #000000;\"><a style=\"color: #000000;\" href=\"https:\/\/indefos.gob.mx\/portal\/Transparencia\/Otros\/Protocolo%20para%20Presentar%20Delaciones.PDF\" target=\"_blank\" rel=\"noopener\"><strong>Protocolo para Presentar Delaciones<\/strong><\/a><\/span><\/h4>\n<h4 class=\"has-text-align-left\"><span style=\"color: #000000;\"><a style=\"color: #000000;\" href=\"https:\/\/indefos.gob.mx\/portal\/Transparencia\/Otros\/Estructura%20etica%2022.PDF\" target=\"_blank\" rel=\"noopener\"><strong>Estructura del Comit\u00e9 de \u00c9tica<\/strong><\/a><\/span><\/h4>\n<h4 class=\"has-text-align-left\"><span style=\"color: #000000;\"><a style=\"color: #000000;\" href=\"https:\/\/indefos.gob.mx\/portal\/Transparencia\/Otros\/Informe%20Anual%20del%20Comite%20de%20Etica%2018.PDF\" target=\"_blank\" rel=\"noopener\"><strong>Informe Anual del Comit\u00e9 de \u00c9tica 18<\/strong><\/a><\/span><\/h4>\n<h4 class=\"has-text-align-left\"><span style=\"color: #000000;\"><a style=\"color: #000000;\" href=\"https:\/\/indefos.gob.mx\/portal\/Transparencia\/Otros\/Informe%20Anual%20del%20Comite%20de%20Etica%2019.pdf\" target=\"_blank\" rel=\"noopener\"><strong>Informe Anual del Comit\u00e9 de \u00c9tica 19<\/strong><\/a><\/span><\/h4>\n<h4 class=\"has-text-align-left\"><span style=\"color: #000000;\"><a style=\"color: #000000;\" href=\"https:\/\/indefos.gob.mx\/portal\/Transparencia\/Otros\/INFORME%20ANUAL%202021%20DEL%20CEPCI-INDEFOS.pdf\" target=\"_blank\" rel=\"noopener\"><strong>Informe Anual del Comit\u00e9 de \u00c9tica 21<\/strong><\/a><\/span><\/h4>\n<h4 class=\"has-text-align-left\"><a href=\"https:\/\/indefos.gob.mx\/portal\/Transparencia\/Otros\/PROGRAMA%20ANUAL%2022.pdf\" target=\"_blank\" rel=\"noopener\"><strong><span style=\"color: #000000;\">Programa Anual 22<\/span><\/strong><\/a><\/h4>\n\n\n<p class=\"wp-block-paragraph\">&nbsp;<\/p>\n\n\n\n<p class=\"wp-block-paragraph\">&nbsp;<\/p>\n","protected":false},"excerpt":{"rendered":"<p>&nbsp; No Tolerancia a los Actos de Corrupci\u00f3n Pronunciamiento Cero Tolerancia al Hostigamiento Sexual Lineamientos Comit\u00e9 de \u00c9tica Acta de Reinstalaci\u00f3n del Comit\u00e9 de \u00c9tica C\u00f3digo de Conducta Protocolo para Presentar Delaciones Estructura del Comit\u00e9 de \u00c9tica Informe Anual del Comit\u00e9 de \u00c9tica 18 Informe Anual del Comit\u00e9 de \u00c9tica 19 Informe Anual del Comit\u00e9&hellip; <br \/> <a class=\"read-more\" href=\"https:\/\/indefos.gob.mx\/portal\/cepci\/\">Leer m\u00e1s<\/a><\/p>\n","protected":false},"author":2,"featured_media":0,"parent":0,"menu_order":0,"comment_status":"closed","ping_status":"closed","template":"","meta":{"_crdt_document":"","footnotes":""},"class_list":["post-2352","page","type-page","status-publish","hentry"],"rttpg_featured_image_url":null,"rttpg_author":{"display_name":"Instituto de Desarrollo y Formaci\u00f3n Social","author_link":"https:\/\/indefos.gob.mx\/portal\/author\/indefos\/"},"rttpg_comment":0,"rttpg_category":null,"rttpg_excerpt":"&nbsp; No Tolerancia a los Actos de Corrupci\u00f3n Pronunciamiento Cero Tolerancia al Hostigamiento Sexual Lineamientos Comit\u00e9 de \u00c9tica Acta de Reinstalaci\u00f3n del Comit\u00e9 de \u00c9tica C\u00f3digo de Conducta Protocolo para Presentar Delaciones Estructura del Comit\u00e9 de \u00c9tica Informe Anual del Comit\u00e9 de \u00c9tica 18 Informe Anual del Comit\u00e9 de \u00c9tica 19 Informe Anual del Comit\u00e9&hellip;&hellip;","_links":{"self":[{"href":"https:\/\/indefos.gob.mx\/portal\/wp-json\/wp\/v2\/pages\/2352","targetHints":{"allow":["GET"]}}],"collection":[{"href":"https:\/\/indefos.gob.mx\/portal\/wp-json\/wp\/v2\/pages"}],"about":[{"href":"https:\/\/indefos.gob.mx\/portal\/wp-json\/wp\/v2\/types\/page"}],"author":[{"embeddable":true,"href":"https:\/\/indefos.gob.mx\/portal\/wp-json\/wp\/v2\/users\/2"}],"replies":[{"embeddable":true,"href":"https:\/\/indefos.gob.mx\/portal\/wp-json\/wp\/v2\/comments?post=2352"}],"version-history":[{"count":12,"href":"https:\/\/indefos.gob.mx\/portal\/wp-json\/wp\/v2\/pages\/2352\/revisions"}],"predecessor-version":[{"id":3813,"href":"https:\/\/indefos.gob.mx\/portal\/wp-json\/wp\/v2\/pages\/2352\/revisions\/3813"}],"wp:attachment":[{"href":"https:\/\/indefos.gob.mx\/portal\/wp-json\/wp\/v2\/media?parent=2352"}],"curies":[{"name":"wp","href":"https:\/\/api.w.org\/{rel}","templated":true}]}}